{"id":710,"date":"2026-04-17T10:34:40","date_gmt":"2026-04-17T08:34:40","guid":{"rendered":"https:\/\/engesztelotarsulas.hu\/?page_id=710"},"modified":"2026-04-21T09:35:46","modified_gmt":"2026-04-21T07:35:46","slug":"zarandoklatok-kiscell-es-szentjeink-peldakepeinkhez","status":"publish","type":"page","link":"https:\/\/engesztelotarsulas.hu\/index.php\/zarandoklatok-kiscell-es-szentjeink-peldakepeinkhez\/","title":{"rendered":"ZAR\u00c1NDOKLATOK"},"content":{"rendered":"<p><strong> Kiscell \u00e9s Szentjeink p\u00e9ldak\u00e9peinkhez<\/strong><\/p>\n<ul>\n<li>\n<h2>Celld\u00f6m\u00f6lkre<\/h2>\n<\/li>\n<li>\n<h2>Csehimindszent \u00e9s a Mindszenty Eml\u00e9kh\u00e1z<\/h2>\n<\/li>\n<li>\n<h2>Boldog Brenner J\u00e1nos<\/h2>\n<\/li>\n<li>\n<h2>Boldog Batthy\u00e1ny-Strattmann L\u00e1szl\u00f3<\/h2>\n<\/li>\n<\/ul>\n<p><strong>Celld\u00f6m\u00f6lk- Kiscell<\/strong><\/p>\n<p><img loading=\"lazy\" decoding=\"async\" class=\"alignnone size-medium wp-image-680\" src=\"https:\/\/engesztelotarsulas.hu\/wp-content\/uploads\/2026\/01\/cropped-Celldomolk_romai_katolikus_kegytemplom_2024_01-300x300.jpg\" alt=\"\" width=\"300\" height=\"300\" srcset=\"https:\/\/engesztelotarsulas.hu\/wp-content\/uploads\/2026\/01\/cropped-Celldomolk_romai_katolikus_kegytemplom_2024_01-300x300.jpg 300w, https:\/\/engesztelotarsulas.hu\/wp-content\/uploads\/2026\/01\/cropped-Celldomolk_romai_katolikus_kegytemplom_2024_01-1024x1024.jpg 1024w, https:\/\/engesztelotarsulas.hu\/wp-content\/uploads\/2026\/01\/cropped-Celldomolk_romai_katolikus_kegytemplom_2024_01-150x150.jpg 150w, https:\/\/engesztelotarsulas.hu\/wp-content\/uploads\/2026\/01\/cropped-Celldomolk_romai_katolikus_kegytemplom_2024_01-768x768.jpg 768w, https:\/\/engesztelotarsulas.hu\/wp-content\/uploads\/2026\/01\/cropped-Celldomolk_romai_katolikus_kegytemplom_2024_01.jpg 1500w\" sizes=\"auto, (max-width: 300px) 100vw, 300px\" \/><\/p>\n<p><a href=\"https:\/\/martinus.hu\/hu\/turizmus\/latnivalok\/celld-m-lk-a-kis-mariacelli-b-cs-jarohely-t-rtenete\">https:\/\/martinus.hu\/hu\/turizmus\/latnivalok\/celld-m-lk-a-kis-mariacelli-b-cs-jarohely-t-rtenete<\/a><\/p>\n<p><a href=\"https:\/\/www.kismariacell.hu\/zarandokhaz\/\">https:\/\/www.kismariacell.hu\/zarandokhaz\/<\/a><\/p>\n<h2><\/h2>\n<p><img loading=\"lazy\" decoding=\"async\" class=\"alignnone size-medium wp-image-738\" src=\"https:\/\/engesztelotarsulas.hu\/wp-content\/uploads\/2026\/04\/KEGYSZOBOR-253x300.jpg\" alt=\"\" width=\"253\" height=\"300\" srcset=\"https:\/\/engesztelotarsulas.hu\/wp-content\/uploads\/2026\/04\/KEGYSZOBOR-253x300.jpg 253w, https:\/\/engesztelotarsulas.hu\/wp-content\/uploads\/2026\/04\/KEGYSZOBOR-863x1024.jpg 863w, https:\/\/engesztelotarsulas.hu\/wp-content\/uploads\/2026\/04\/KEGYSZOBOR-768x912.jpg 768w, https:\/\/engesztelotarsulas.hu\/wp-content\/uploads\/2026\/04\/KEGYSZOBOR-1294x1536.jpg 1294w, https:\/\/engesztelotarsulas.hu\/wp-content\/uploads\/2026\/04\/KEGYSZOBOR-1726x2048.jpg 1726w\" sizes=\"auto, (max-width: 253px) 100vw, 253px\" \/><img loading=\"lazy\" decoding=\"async\" class=\"alignnone size-medium wp-image-739\" src=\"https:\/\/engesztelotarsulas.hu\/wp-content\/uploads\/2026\/04\/Unnepek-CELLDOMOLK-214x300.jpg\" alt=\"\" width=\"214\" height=\"300\" srcset=\"https:\/\/engesztelotarsulas.hu\/wp-content\/uploads\/2026\/04\/Unnepek-CELLDOMOLK-214x300.jpg 214w, https:\/\/engesztelotarsulas.hu\/wp-content\/uploads\/2026\/04\/Unnepek-CELLDOMOLK-731x1024.jpg 731w, https:\/\/engesztelotarsulas.hu\/wp-content\/uploads\/2026\/04\/Unnepek-CELLDOMOLK-768x1075.jpg 768w, https:\/\/engesztelotarsulas.hu\/wp-content\/uploads\/2026\/04\/Unnepek-CELLDOMOLK-1097x1536.jpg 1097w, https:\/\/engesztelotarsulas.hu\/wp-content\/uploads\/2026\/04\/Unnepek-CELLDOMOLK-1463x2048.jpg 1463w, https:\/\/engesztelotarsulas.hu\/wp-content\/uploads\/2026\/04\/Unnepek-CELLDOMOLK-scaled.jpg 1828w\" sizes=\"auto, (max-width: 214px) 100vw, 214px\" \/><\/p>\n<p><strong>CSEHIMINDSZENT- Mindszenty J\u00f3zsef hercegpr\u00edm\u00e1s sz\u00fcl\u0151faluja<\/strong><\/p>\n<p><img loading=\"lazy\" decoding=\"async\" class=\"alignnone size-full wp-image-593\" src=\"https:\/\/engesztelotarsulas.hu\/wp-content\/uploads\/2026\/01\/mindszenty-jozsef_0.png\" alt=\"\" width=\"180\" height=\"240\" \/><\/p>\n<p><a href=\"https:\/\/mindszentyhaz.hu\/index.php\">https:\/\/mindszentyhaz.hu\/index.php<\/a><\/p>\n<p><img loading=\"lazy\" decoding=\"async\" class=\"alignnone size-medium wp-image-711\" src=\"https:\/\/engesztelotarsulas.hu\/wp-content\/uploads\/2026\/04\/Mindszntey-emlekhaz-300x137.jpg\" alt=\"\" width=\"300\" height=\"137\" \/><\/p>\n<p><a href=\"https:\/\/martinus.hu\/hu\/egyhazmegye\/szentjeink-peldakepeink\/tiszteletremelto-mindszenty-jozsef-biboros\">https:\/\/martinus.hu\/hu\/egyhazmegye\/szentjeink-peldakepeink\/tiszteletremelto-mindszenty-jozsef-biboros<\/a><\/p>\n<p><img loading=\"lazy\" decoding=\"async\" class=\"alignnone size-medium wp-image-731\" src=\"https:\/\/engesztelotarsulas.hu\/wp-content\/uploads\/2026\/04\/Mindszenty-80-2-1-300x212.jpg\" alt=\"\" width=\"300\" height=\"212\" srcset=\"https:\/\/engesztelotarsulas.hu\/wp-content\/uploads\/2026\/04\/Mindszenty-80-2-1-300x212.jpg 300w, https:\/\/engesztelotarsulas.hu\/wp-content\/uploads\/2026\/04\/Mindszenty-80-2-1-1024x724.jpg 1024w, https:\/\/engesztelotarsulas.hu\/wp-content\/uploads\/2026\/04\/Mindszenty-80-2-1-768x543.jpg 768w, https:\/\/engesztelotarsulas.hu\/wp-content\/uploads\/2026\/04\/Mindszenty-80-2-1-1536x1086.jpg 1536w, https:\/\/engesztelotarsulas.hu\/wp-content\/uploads\/2026\/04\/Mindszenty-80-2-1.jpg 1683w\" sizes=\"auto, (max-width: 300px) 100vw, 300px\" \/><\/p>\n<h2>Boldog Brenner J\u00e1nos<\/h2>\n<p><img loading=\"lazy\" decoding=\"async\" class=\"alignnone size-medium wp-image-837\" src=\"https:\/\/engesztelotarsulas.hu\/wp-content\/uploads\/2026\/04\/Boldog-Brenner-Janos-300x155.jpg\" alt=\"\" width=\"300\" height=\"155\" srcset=\"https:\/\/engesztelotarsulas.hu\/wp-content\/uploads\/2026\/04\/Boldog-Brenner-Janos-300x155.jpg 300w, https:\/\/engesztelotarsulas.hu\/wp-content\/uploads\/2026\/04\/Boldog-Brenner-Janos-768x398.jpg 768w, https:\/\/engesztelotarsulas.hu\/wp-content\/uploads\/2026\/04\/Boldog-Brenner-Janos.jpg 927w\" sizes=\"auto, (max-width: 300px) 100vw, 300px\" \/><\/p>\n<p><a href=\"https:\/\/brennerjanos.hu\/\">https:\/\/brennerjanos.hu\/<\/a><\/p>\n<p><a href=\"https:\/\/engesztelotarsulas.hu\/wp-content\/uploads\/2026\/04\/brenner-janos-boldoggaavatasi-fuzet-honlapra-aktualizalt.pdf\">brenner-janos-boldoggaavatasi-fuzet-honlapra-aktualizalt<\/a><\/p>\n<p>&nbsp;<\/p>\n<h2>Boldog Batthy\u00e1ny-Strattmann L\u00e1szl\u00f3<\/h2>\n<p><img decoding=\"async\" src=\"https:\/\/www.batthyany.at\/wp-content\/uploads\/2020\/03\/arzt02_01.jpg\" alt=\"arzt02_01\" \/><\/p>\n<p><a href=\"https:\/\/www.batthyany.at\/boldog-laszlo\/?lang=hu\">https:\/\/www.batthyany.at\/boldog-laszlo\/?lang=hu<\/a><\/p>\n","protected":false},"excerpt":{"rendered":"<p>Kiscell \u00e9s Szentjeink p\u00e9ldak\u00e9peinkhez Celld\u00f6m\u00f6lkre Csehimindszent \u00e9s a Mindszenty Eml\u00e9kh\u00e1z Boldog Brenner J\u00e1nos Boldog Batthy\u00e1ny-Strattmann L\u00e1szl\u00f3 Celld\u00f6m\u00f6lk- Kiscell https:\/\/martinus.hu\/hu\/turizmus\/latnivalok\/celld-m-lk-a-kis-mariacelli-b-cs-jarohely-t-rtenete https:\/\/www.kismariacell.hu\/zarandokhaz\/ CSEHIMINDSZENT- Mindszenty J\u00f3zsef hercegpr\u00edm\u00e1s sz\u00fcl\u0151faluja https:\/\/mindszentyhaz.hu\/index.php https:\/\/martinus.hu\/hu\/egyhazmegye\/szentjeink-peldakepeink\/tiszteletremelto-mindszenty-jozsef-biboros Boldog Brenner J\u00e1nos https:\/\/brennerjanos.hu\/ brenner-janos-boldoggaavatasi-fuzet-honlapra-aktualizalt &nbsp; Boldog Batthy\u00e1ny-Strattmann L\u00e1szl\u00f3 https:\/\/www.batthyany.at\/boldog-laszlo\/?lang=hu<\/p>\n","protected":false},"author":1,"featured_media":0,"parent":0,"menu_order":0,"comment_status":"closed","ping_status":"closed","template":"","meta":{"footnotes":""},"class_list":["entry","page","publish","author-engeszte","post-710"],"_links":{"self":[{"href":"https:\/\/engesztelotarsulas.hu\/index.php\/wp-json\/wp\/v2\/pages\/710","targetHints":{"allow":["GET"]}}],"collection":[{"href":"https:\/\/engesztelotarsulas.hu\/index.php\/wp-json\/wp\/v2\/pages"}],"about":[{"href":"https:\/\/engesztelotarsulas.hu\/index.php\/wp-json\/wp\/v2\/types\/page"}],"author":[{"embeddable":true,"href":"https:\/\/engesztelotarsulas.hu\/index.php\/wp-json\/wp\/v2\/users\/1"}],"replies":[{"embeddable":true,"href":"https:\/\/engesztelotarsulas.hu\/index.php\/wp-json\/wp\/v2\/comments?post=710"}],"version-history":[{"count":10,"href":"https:\/\/engesztelotarsulas.hu\/index.php\/wp-json\/wp\/v2\/pages\/710\/revisions"}],"predecessor-version":[{"id":847,"href":"https:\/\/engesztelotarsulas.hu\/index.php\/wp-json\/wp\/v2\/pages\/710\/revisions\/847"}],"wp:attachment":[{"href":"https:\/\/engesztelotarsulas.hu\/index.php\/wp-json\/wp\/v2\/media?parent=710"}],"curies":[{"name":"wp","href":"https:\/\/api.w.org\/{rel}","templated":true}]}}