{"id":255,"date":"2025-01-23T09:56:08","date_gmt":"2025-01-23T17:56:08","guid":{"rendered":"https:\/\/engesztelotarsulas.hu\/?page_id=255"},"modified":"2026-04-20T21:05:26","modified_gmt":"2026-04-20T19:05:26","slug":"adomanyok-gyujtese","status":"publish","type":"page","link":"https:\/\/engesztelotarsulas.hu\/index.php\/adomanyok-gyujtese\/","title":{"rendered":"Karitat\u00edv tev\u00e8kenys\u00e8g"},"content":{"rendered":"\r\n<p><strong><strong>SZ\u0170Z M\u00c1RIA A VIL\u00c1G GY\u0150ZELMES KIR\u00c1LYN\u0150JE ENGESZTEL\u0150 T\u00c1RSUL\u00c1S<\/strong><\/strong>&#8211; ban a mag\u00e1nszem\u00e9lyek \u00f6nk\u00e9ntes munk\u00e1jukkal seg\u00edtik a t\u00e1rsul\u00e1s munk\u00e1j\u00e1t .<\/p>\r\n\r\n\r\n\r\n<p><strong>Beteg\u00e1pol\u00e1s \u00e9s betegek l\u00e1togat\u00e1sa<\/strong><\/p>\r\n\r\n\r\n\r\n\r\n","protected":false},"excerpt":{"rendered":"<p>SZ\u0170Z M\u00c1RIA A VIL\u00c1G GY\u0150ZELMES KIR\u00c1LYN\u0150JE ENGESZTEL\u0150 T\u00c1RSUL\u00c1S&#8211; ban a mag\u00e1nszem\u00e9lyek \u00f6nk\u00e9ntes munk\u00e1jukkal seg\u00edtik a t\u00e1rsul\u00e1s munk\u00e1j\u00e1t . Beteg\u00e1pol\u00e1s \u00e9s betegek l\u00e1togat\u00e1sa<\/p>\n","protected":false},"author":1,"featured_media":132,"parent":0,"menu_order":0,"comment_status":"closed","ping_status":"closed","template":"","meta":{"footnotes":""},"class_list":{"0":"entry","1":"page","2":"publish","3":"author-engeszte","4":"post-255","6":"has-post-thumbnail"},"_links":{"self":[{"href":"https:\/\/engesztelotarsulas.hu\/index.php\/wp-json\/wp\/v2\/pages\/255","targetHints":{"allow":["GET"]}}],"collection":[{"href":"https:\/\/engesztelotarsulas.hu\/index.php\/wp-json\/wp\/v2\/pages"}],"about":[{"href":"https:\/\/engesztelotarsulas.hu\/index.php\/wp-json\/wp\/v2\/types\/page"}],"author":[{"embeddable":true,"href":"https:\/\/engesztelotarsulas.hu\/index.php\/wp-json\/wp\/v2\/users\/1"}],"replies":[{"embeddable":true,"href":"https:\/\/engesztelotarsulas.hu\/index.php\/wp-json\/wp\/v2\/comments?post=255"}],"version-history":[{"count":8,"href":"https:\/\/engesztelotarsulas.hu\/index.php\/wp-json\/wp\/v2\/pages\/255\/revisions"}],"predecessor-version":[{"id":818,"href":"https:\/\/engesztelotarsulas.hu\/index.php\/wp-json\/wp\/v2\/pages\/255\/revisions\/818"}],"wp:featuredmedia":[{"embeddable":true,"href":"https:\/\/engesztelotarsulas.hu\/index.php\/wp-json\/wp\/v2\/media\/132"}],"wp:attachment":[{"href":"https:\/\/engesztelotarsulas.hu\/index.php\/wp-json\/wp\/v2\/media?parent=255"}],"curies":[{"name":"wp","href":"https:\/\/api.w.org\/{rel}","templated":true}]}}